{"id":9,"date":"2019-04-05T16:55:50","date_gmt":"2019-04-05T19:55:50","guid":{"rendered":"http:\/\/fctelecom.cl\/?page_id=9"},"modified":"2019-06-03T18:32:14","modified_gmt":"2019-06-03T21:32:14","slug":"servicios","status":"publish","type":"page","link":"https:\/\/fctelecom.cl\/","title":{"rendered":"SERVICIOS"},"content":{"rendered":"\n<p>Nuestros servicios est\u00e1n dirigidos a diferentes \u00e1reas donde estos sean requeridos, nuestros enfoques son Telecomunicaciones, Redes, Fibra \u00d3ptica FO, Cableado Coaxial CATV, Electricidad, Sistemas de V\u00eddeo Vigilancia CCTV, Instalaci\u00f3n y Monitoreo GPS (particulares y empresas) y muchos servicios m\u00e1s.<\/p>\n\n\n\n<p>Nuestra caracter\u00edstica de servicio es que el cliente final quede contento y se sienta parte de lo que realizamos de manera clara y sin ninguna dificultad para  su desarrollo habitual.<\/p>\n\n\n\n<p><br><\/p>\n","protected":false},"excerpt":{"rendered":"<p>Nuestros servicios est\u00e1n dirigidos a diferentes \u00e1reas donde estos sean requeridos, nuestros enfoques son Telecomunicaciones, Redes, Fibra \u00d3ptica FO, Cableado Coaxial CATV, Electricidad, Sistemas de V\u00eddeo Vigilancia CCTV, Instalaci\u00f3n y Monitoreo GPS (particulares y empresas) y muchos servicios m\u00e1s. Nuestra caracter\u00edstica de servicio es que el cliente final quede contento y se sienta parte de &hellip; <\/p>\n<p class=\"link-more\"><a href=\"https:\/\/fctelecom.cl\/\" class=\"more-link\">Continua leyendo<span class=\"screen-reader-text\"> &#8220;SERVICIOS&#8221;<\/span><\/a><\/p>\n","protected":false},"author":1,"featured_media":110,"parent":0,"menu_order":0,"comment_status":"closed","ping_status":"closed","template":"","meta":{"footnotes":""},"class_list":["post-9","page","type-page","status-publish","has-post-thumbnail","hentry"],"yoast_head":"<!-- This site is optimized with the Yoast SEO plugin v24.9 - https:\/\/yoast.com\/wordpress\/plugins\/seo\/ -->\n<title>SERVICIOS - TELECOM<\/title>\n<meta name=\"robots\" content=\"index, follow, max-snippet:-1, max-image-preview:large, max-video-preview:-1\" \/>\n<link rel=\"canonical\" href=\"https:\/\/fctelecom.cl\/\" \/>\n<meta property=\"og:locale\" content=\"es_ES\" \/>\n<meta property=\"og:type\" content=\"article\" \/>\n<meta property=\"og:title\" content=\"SERVICIOS - TELECOM\" \/>\n<meta property=\"og:description\" content=\"Nuestros servicios est\u00e1n dirigidos a diferentes \u00e1reas donde estos sean requeridos, nuestros enfoques son Telecomunicaciones, Redes, Fibra \u00d3ptica FO, Cableado Coaxial CATV, Electricidad, Sistemas de V\u00eddeo Vigilancia CCTV, Instalaci\u00f3n y Monitoreo GPS (particulares y empresas) y muchos servicios m\u00e1s. Nuestra caracter\u00edstica de servicio es que el cliente final quede contento y se sienta parte de &hellip; Continua leyendo &quot;SERVICIOS&quot;\" \/>\n<meta property=\"og:url\" content=\"https:\/\/fctelecom.cl\/\" \/>\n<meta property=\"og:site_name\" content=\"TELECOM\" \/>\n<meta property=\"article:modified_time\" content=\"2019-06-03T21:32:14+00:00\" \/>\n<meta property=\"og:image\" content=\"https:\/\/fctelecom.cl\/wp-content\/uploads\/2019\/04\/city-3213676_1920.jpg\" \/>\n\t<meta property=\"og:image:width\" content=\"1920\" \/>\n\t<meta property=\"og:image:height\" content=\"711\" \/>\n\t<meta property=\"og:image:type\" content=\"image\/jpeg\" \/>\n<meta name=\"twitter:card\" content=\"summary_large_image\" \/>\n<script type=\"application\/ld+json\" class=\"yoast-schema-graph\">{\"@context\":\"https:\/\/schema.org\",\"@graph\":[{\"@type\":\"WebPage\",\"@id\":\"https:\/\/fctelecom.cl\/\",\"url\":\"https:\/\/fctelecom.cl\/\",\"name\":\"SERVICIOS - TELECOM\",\"isPartOf\":{\"@id\":\"https:\/\/fctelecom.cl\/#website\"},\"primaryImageOfPage\":{\"@id\":\"https:\/\/fctelecom.cl\/#primaryimage\"},\"image\":{\"@id\":\"https:\/\/fctelecom.cl\/#primaryimage\"},\"thumbnailUrl\":\"https:\/\/fctelecom.cl\/wp-content\/uploads\/2019\/04\/city-3213676_1920.jpg\",\"datePublished\":\"2019-04-05T19:55:50+00:00\",\"dateModified\":\"2019-06-03T21:32:14+00:00\",\"breadcrumb\":{\"@id\":\"https:\/\/fctelecom.cl\/#breadcrumb\"},\"inLanguage\":\"es-CL\",\"potentialAction\":[{\"@type\":\"ReadAction\",\"target\":[\"https:\/\/fctelecom.cl\/\"]}]},{\"@type\":\"ImageObject\",\"inLanguage\":\"es-CL\",\"@id\":\"https:\/\/fctelecom.cl\/#primaryimage\",\"url\":\"https:\/\/fctelecom.cl\/wp-content\/uploads\/2019\/04\/city-3213676_1920.jpg\",\"contentUrl\":\"https:\/\/fctelecom.cl\/wp-content\/uploads\/2019\/04\/city-3213676_1920.jpg\",\"width\":1920,\"height\":711,\"caption\":\"Redes\"},{\"@type\":\"BreadcrumbList\",\"@id\":\"https:\/\/fctelecom.cl\/#breadcrumb\",\"itemListElement\":[{\"@type\":\"ListItem\",\"position\":1,\"name\":\"Portada\",\"item\":\"https:\/\/fctelecom.cl\/\"},{\"@type\":\"ListItem\",\"position\":2,\"name\":\"SERVICIOS\"}]},{\"@type\":\"WebSite\",\"@id\":\"https:\/\/fctelecom.cl\/#website\",\"url\":\"https:\/\/fctelecom.cl\/\",\"name\":\"TELECOM\",\"description\":\"Soluciones y Servicios\",\"publisher\":{\"@id\":\"https:\/\/fctelecom.cl\/#organization\"},\"potentialAction\":[{\"@type\":\"SearchAction\",\"target\":{\"@type\":\"EntryPoint\",\"urlTemplate\":\"https:\/\/fctelecom.cl\/?s={search_term_string}\"},\"query-input\":{\"@type\":\"PropertyValueSpecification\",\"valueRequired\":true,\"valueName\":\"search_term_string\"}}],\"inLanguage\":\"es-CL\"},{\"@type\":\"Organization\",\"@id\":\"https:\/\/fctelecom.cl\/#organization\",\"name\":\"FC TELECOM\",\"url\":\"https:\/\/fctelecom.cl\/\",\"logo\":{\"@type\":\"ImageObject\",\"inLanguage\":\"es-CL\",\"@id\":\"https:\/\/fctelecom.cl\/#\/schema\/logo\/image\/\",\"url\":\"https:\/\/fctelecom.cl\/wp-content\/uploads\/2019\/04\/cropped-LOGO-FC-GRIS-250X250.jpg\",\"contentUrl\":\"https:\/\/fctelecom.cl\/wp-content\/uploads\/2019\/04\/cropped-LOGO-FC-GRIS-250X250.jpg\",\"width\":298,\"height\":250,\"caption\":\"FC TELECOM\"},\"image\":{\"@id\":\"https:\/\/fctelecom.cl\/#\/schema\/logo\/image\/\"}}]}<\/script>\n<!-- \/ Yoast SEO plugin. -->","yoast_head_json":{"title":"SERVICIOS - TELECOM","robots":{"index":"index","follow":"follow","max-snippet":"max-snippet:-1","max-image-preview":"max-image-preview:large","max-video-preview":"max-video-preview:-1"},"canonical":"https:\/\/fctelecom.cl\/","og_locale":"es_ES","og_type":"article","og_title":"SERVICIOS - TELECOM","og_description":"Nuestros servicios est\u00e1n dirigidos a diferentes \u00e1reas donde estos sean requeridos, nuestros enfoques son Telecomunicaciones, Redes, Fibra \u00d3ptica FO, Cableado Coaxial CATV, Electricidad, Sistemas de V\u00eddeo Vigilancia CCTV, Instalaci\u00f3n y Monitoreo GPS (particulares y empresas) y muchos servicios m\u00e1s. Nuestra caracter\u00edstica de servicio es que el cliente final quede contento y se sienta parte de &hellip; Continua leyendo \"SERVICIOS\"","og_url":"https:\/\/fctelecom.cl\/","og_site_name":"TELECOM","article_modified_time":"2019-06-03T21:32:14+00:00","og_image":[{"width":1920,"height":711,"url":"https:\/\/fctelecom.cl\/wp-content\/uploads\/2019\/04\/city-3213676_1920.jpg","type":"image\/jpeg"}],"twitter_card":"summary_large_image","schema":{"@context":"https:\/\/schema.org","@graph":[{"@type":"WebPage","@id":"https:\/\/fctelecom.cl\/","url":"https:\/\/fctelecom.cl\/","name":"SERVICIOS - TELECOM","isPartOf":{"@id":"https:\/\/fctelecom.cl\/#website"},"primaryImageOfPage":{"@id":"https:\/\/fctelecom.cl\/#primaryimage"},"image":{"@id":"https:\/\/fctelecom.cl\/#primaryimage"},"thumbnailUrl":"https:\/\/fctelecom.cl\/wp-content\/uploads\/2019\/04\/city-3213676_1920.jpg","datePublished":"2019-04-05T19:55:50+00:00","dateModified":"2019-06-03T21:32:14+00:00","breadcrumb":{"@id":"https:\/\/fctelecom.cl\/#breadcrumb"},"inLanguage":"es-CL","potentialAction":[{"@type":"ReadAction","target":["https:\/\/fctelecom.cl\/"]}]},{"@type":"ImageObject","inLanguage":"es-CL","@id":"https:\/\/fctelecom.cl\/#primaryimage","url":"https:\/\/fctelecom.cl\/wp-content\/uploads\/2019\/04\/city-3213676_1920.jpg","contentUrl":"https:\/\/fctelecom.cl\/wp-content\/uploads\/2019\/04\/city-3213676_1920.jpg","width":1920,"height":711,"caption":"Redes"},{"@type":"BreadcrumbList","@id":"https:\/\/fctelecom.cl\/#breadcrumb","itemListElement":[{"@type":"ListItem","position":1,"name":"Portada","item":"https:\/\/fctelecom.cl\/"},{"@type":"ListItem","position":2,"name":"SERVICIOS"}]},{"@type":"WebSite","@id":"https:\/\/fctelecom.cl\/#website","url":"https:\/\/fctelecom.cl\/","name":"TELECOM","description":"Soluciones y Servicios","publisher":{"@id":"https:\/\/fctelecom.cl\/#organization"},"potentialAction":[{"@type":"SearchAction","target":{"@type":"EntryPoint","urlTemplate":"https:\/\/fctelecom.cl\/?s={search_term_string}"},"query-input":{"@type":"PropertyValueSpecification","valueRequired":true,"valueName":"search_term_string"}}],"inLanguage":"es-CL"},{"@type":"Organization","@id":"https:\/\/fctelecom.cl\/#organization","name":"FC TELECOM","url":"https:\/\/fctelecom.cl\/","logo":{"@type":"ImageObject","inLanguage":"es-CL","@id":"https:\/\/fctelecom.cl\/#\/schema\/logo\/image\/","url":"https:\/\/fctelecom.cl\/wp-content\/uploads\/2019\/04\/cropped-LOGO-FC-GRIS-250X250.jpg","contentUrl":"https:\/\/fctelecom.cl\/wp-content\/uploads\/2019\/04\/cropped-LOGO-FC-GRIS-250X250.jpg","width":298,"height":250,"caption":"FC TELECOM"},"image":{"@id":"https:\/\/fctelecom.cl\/#\/schema\/logo\/image\/"}}]}},"_links":{"self":[{"href":"https:\/\/fctelecom.cl\/index.php\/wp-json\/wp\/v2\/pages\/9","targetHints":{"allow":["GET"]}}],"collection":[{"href":"https:\/\/fctelecom.cl\/index.php\/wp-json\/wp\/v2\/pages"}],"about":[{"href":"https:\/\/fctelecom.cl\/index.php\/wp-json\/wp\/v2\/types\/page"}],"author":[{"embeddable":true,"href":"https:\/\/fctelecom.cl\/index.php\/wp-json\/wp\/v2\/users\/1"}],"replies":[{"embeddable":true,"href":"https:\/\/fctelecom.cl\/index.php\/wp-json\/wp\/v2\/comments?post=9"}],"version-history":[{"count":11,"href":"https:\/\/fctelecom.cl\/index.php\/wp-json\/wp\/v2\/pages\/9\/revisions"}],"predecessor-version":[{"id":227,"href":"https:\/\/fctelecom.cl\/index.php\/wp-json\/wp\/v2\/pages\/9\/revisions\/227"}],"wp:featuredmedia":[{"embeddable":true,"href":"https:\/\/fctelecom.cl\/index.php\/wp-json\/wp\/v2\/media\/110"}],"wp:attachment":[{"href":"https:\/\/fctelecom.cl\/index.php\/wp-json\/wp\/v2\/media?parent=9"}],"curies":[{"name":"wp","href":"https:\/\/api.w.org\/{rel}","templated":true}]}}