{"id":198,"date":"2019-04-11T23:42:04","date_gmt":"2019-04-12T02:42:04","guid":{"rendered":"http:\/\/fctelecom.cl\/?page_id=198"},"modified":"2019-04-11T23:42:05","modified_gmt":"2019-04-12T02:42:05","slug":"mantenimiento-e-instalaciones","status":"publish","type":"page","link":"https:\/\/fctelecom.cl\/index.php\/mantenimiento-e-instalaciones\/","title":{"rendered":"Mantenimiento e Instalaciones"},"content":{"rendered":"\n<p> En <strong>Petricio Industrial<\/strong> realizamos servicio de mantenimiento preventivo a su Sistema de V\u00eddeo Vigilancia, este consta de 27 c\u00e1maras entre ellas interiores, exteriores y c\u00e1maras PTZ instaladas a gran altura.<br> <br> <\/p>\n\n\n\n<p><\/p>\n\n\n\n<ul class=\"wp-block-gallery columns-3 is-cropped wp-block-gallery-1 is-layout-flex wp-block-gallery-is-layout-flex\"><li class=\"blocks-gallery-item\"><figure><a href=\"http:\/\/fctelecom.cl\/wp-content\/uploads\/2019\/04\/IMG_0784-1024x683.jpg\"><img loading=\"lazy\" decoding=\"async\" width=\"1024\" height=\"683\" src=\"http:\/\/fctelecom.cl\/wp-content\/uploads\/2019\/04\/IMG_0784-1024x683.jpg\" alt=\"\" data-id=\"199\" data-link=\"http:\/\/fctelecom.cl\/?attachment_id=199\" class=\"wp-image-199\" srcset=\"https:\/\/fctelecom.cl\/wp-content\/uploads\/2019\/04\/IMG_0784-1024x683.jpg 1024w, https:\/\/fctelecom.cl\/wp-content\/uploads\/2019\/04\/IMG_0784-300x200.jpg 300w, https:\/\/fctelecom.cl\/wp-content\/uploads\/2019\/04\/IMG_0784-768x512.jpg 768w\" sizes=\"auto, (max-width: 706px) 89vw, (max-width: 767px) 82vw, 740px\" \/><\/a><\/figure><\/li><li class=\"blocks-gallery-item\"><figure><a href=\"http:\/\/fctelecom.cl\/wp-content\/uploads\/2019\/04\/IMG_0808-1024x683.jpg\"><img loading=\"lazy\" decoding=\"async\" width=\"1024\" height=\"683\" src=\"http:\/\/fctelecom.cl\/wp-content\/uploads\/2019\/04\/IMG_0808-1024x683.jpg\" alt=\"\" data-id=\"200\" data-link=\"http:\/\/fctelecom.cl\/?attachment_id=200\" class=\"wp-image-200\" srcset=\"https:\/\/fctelecom.cl\/wp-content\/uploads\/2019\/04\/IMG_0808-1024x683.jpg 1024w, https:\/\/fctelecom.cl\/wp-content\/uploads\/2019\/04\/IMG_0808-300x200.jpg 300w, https:\/\/fctelecom.cl\/wp-content\/uploads\/2019\/04\/IMG_0808-768x512.jpg 768w\" sizes=\"auto, (max-width: 706px) 89vw, (max-width: 767px) 82vw, 740px\" \/><\/a><\/figure><\/li><li class=\"blocks-gallery-item\"><figure><a href=\"http:\/\/fctelecom.cl\/wp-content\/uploads\/2019\/04\/IMG_0824-1024x683.jpg\"><img loading=\"lazy\" decoding=\"async\" width=\"1024\" height=\"683\" src=\"http:\/\/fctelecom.cl\/wp-content\/uploads\/2019\/04\/IMG_0824-1024x683.jpg\" alt=\"\" data-id=\"201\" data-link=\"http:\/\/fctelecom.cl\/?attachment_id=201\" class=\"wp-image-201\" srcset=\"https:\/\/fctelecom.cl\/wp-content\/uploads\/2019\/04\/IMG_0824-1024x683.jpg 1024w, https:\/\/fctelecom.cl\/wp-content\/uploads\/2019\/04\/IMG_0824-300x200.jpg 300w, https:\/\/fctelecom.cl\/wp-content\/uploads\/2019\/04\/IMG_0824-768x512.jpg 768w\" sizes=\"auto, (max-width: 706px) 89vw, (max-width: 767px) 82vw, 740px\" \/><\/a><\/figure><\/li><li class=\"blocks-gallery-item\"><figure><a href=\"http:\/\/fctelecom.cl\/wp-content\/uploads\/2019\/04\/IMG_0827-1024x683.jpg\"><img loading=\"lazy\" decoding=\"async\" width=\"1024\" height=\"683\" src=\"http:\/\/fctelecom.cl\/wp-content\/uploads\/2019\/04\/IMG_0827-1024x683.jpg\" alt=\"\" data-id=\"202\" data-link=\"http:\/\/fctelecom.cl\/?attachment_id=202\" class=\"wp-image-202\" srcset=\"https:\/\/fctelecom.cl\/wp-content\/uploads\/2019\/04\/IMG_0827-1024x683.jpg 1024w, https:\/\/fctelecom.cl\/wp-content\/uploads\/2019\/04\/IMG_0827-300x200.jpg 300w, https:\/\/fctelecom.cl\/wp-content\/uploads\/2019\/04\/IMG_0827-768x512.jpg 768w\" sizes=\"auto, (max-width: 706px) 89vw, (max-width: 767px) 82vw, 740px\" \/><\/a><\/figure><\/li><li class=\"blocks-gallery-item\"><figure><a href=\"http:\/\/fctelecom.cl\/wp-content\/uploads\/2019\/04\/IMG_0832-1024x683.jpg\"><img loading=\"lazy\" decoding=\"async\" width=\"1024\" height=\"683\" src=\"http:\/\/fctelecom.cl\/wp-content\/uploads\/2019\/04\/IMG_0832-1024x683.jpg\" alt=\"\" data-id=\"203\" data-link=\"http:\/\/fctelecom.cl\/?attachment_id=203\" class=\"wp-image-203\" srcset=\"https:\/\/fctelecom.cl\/wp-content\/uploads\/2019\/04\/IMG_0832-1024x683.jpg 1024w, https:\/\/fctelecom.cl\/wp-content\/uploads\/2019\/04\/IMG_0832-300x200.jpg 300w, https:\/\/fctelecom.cl\/wp-content\/uploads\/2019\/04\/IMG_0832-768x512.jpg 768w\" sizes=\"auto, (max-width: 706px) 89vw, (max-width: 767px) 82vw, 740px\" \/><\/a><\/figure><\/li><li class=\"blocks-gallery-item\"><figure><a href=\"http:\/\/fctelecom.cl\/wp-content\/uploads\/2019\/04\/IMG_0864-1024x683.jpg\"><img loading=\"lazy\" decoding=\"async\" width=\"1024\" height=\"683\" src=\"http:\/\/fctelecom.cl\/wp-content\/uploads\/2019\/04\/IMG_0864-1024x683.jpg\" alt=\"\" data-id=\"204\" data-link=\"http:\/\/fctelecom.cl\/?attachment_id=204\" class=\"wp-image-204\" srcset=\"https:\/\/fctelecom.cl\/wp-content\/uploads\/2019\/04\/IMG_0864-1024x683.jpg 1024w, https:\/\/fctelecom.cl\/wp-content\/uploads\/2019\/04\/IMG_0864-300x200.jpg 300w, https:\/\/fctelecom.cl\/wp-content\/uploads\/2019\/04\/IMG_0864-768x512.jpg 768w\" sizes=\"auto, (max-width: 706px) 89vw, (max-width: 767px) 82vw, 740px\" \/><\/a><\/figure><\/li><li class=\"blocks-gallery-item\"><figure><a href=\"http:\/\/fctelecom.cl\/wp-content\/uploads\/2019\/04\/IMG_0879-1024x683.jpg\"><img loading=\"lazy\" decoding=\"async\" width=\"1024\" height=\"683\" src=\"http:\/\/fctelecom.cl\/wp-content\/uploads\/2019\/04\/IMG_0879-1024x683.jpg\" alt=\"\" data-id=\"205\" data-link=\"http:\/\/fctelecom.cl\/?attachment_id=205\" class=\"wp-image-205\" srcset=\"https:\/\/fctelecom.cl\/wp-content\/uploads\/2019\/04\/IMG_0879-1024x683.jpg 1024w, https:\/\/fctelecom.cl\/wp-content\/uploads\/2019\/04\/IMG_0879-300x200.jpg 300w, https:\/\/fctelecom.cl\/wp-content\/uploads\/2019\/04\/IMG_0879-768x512.jpg 768w\" sizes=\"auto, (max-width: 706px) 89vw, (max-width: 767px) 82vw, 740px\" \/><\/a><\/figure><\/li><li class=\"blocks-gallery-item\"><figure><a href=\"http:\/\/fctelecom.cl\/wp-content\/uploads\/2019\/04\/IMG_0901-1024x683.jpg\"><img loading=\"lazy\" decoding=\"async\" width=\"1024\" height=\"683\" src=\"http:\/\/fctelecom.cl\/wp-content\/uploads\/2019\/04\/IMG_0901-1024x683.jpg\" alt=\"\" data-id=\"206\" data-link=\"http:\/\/fctelecom.cl\/?attachment_id=206\" class=\"wp-image-206\" srcset=\"https:\/\/fctelecom.cl\/wp-content\/uploads\/2019\/04\/IMG_0901-1024x683.jpg 1024w, https:\/\/fctelecom.cl\/wp-content\/uploads\/2019\/04\/IMG_0901-300x200.jpg 300w, https:\/\/fctelecom.cl\/wp-content\/uploads\/2019\/04\/IMG_0901-768x512.jpg 768w\" sizes=\"auto, (max-width: 706px) 89vw, (max-width: 767px) 82vw, 740px\" \/><\/a><\/figure><\/li><li class=\"blocks-gallery-item\"><figure><a href=\"http:\/\/fctelecom.cl\/wp-content\/uploads\/2019\/04\/IMG_0904-1024x683.jpg\"><img loading=\"lazy\" decoding=\"async\" width=\"1024\" height=\"683\" src=\"http:\/\/fctelecom.cl\/wp-content\/uploads\/2019\/04\/IMG_0904-1024x683.jpg\" alt=\"\" data-id=\"207\" data-link=\"http:\/\/fctelecom.cl\/?attachment_id=207\" class=\"wp-image-207\" srcset=\"https:\/\/fctelecom.cl\/wp-content\/uploads\/2019\/04\/IMG_0904-1024x683.jpg 1024w, https:\/\/fctelecom.cl\/wp-content\/uploads\/2019\/04\/IMG_0904-300x200.jpg 300w, https:\/\/fctelecom.cl\/wp-content\/uploads\/2019\/04\/IMG_0904-768x512.jpg 768w\" sizes=\"auto, (max-width: 706px) 89vw, (max-width: 767px) 82vw, 740px\" \/><\/a><\/figure><\/li><\/ul>\n","protected":false},"excerpt":{"rendered":"<p>En Petricio Industrial realizamos servicio de mantenimiento preventivo a su Sistema de V\u00eddeo Vigilancia, este consta de 27 c\u00e1maras entre ellas interiores, exteriores y c\u00e1maras PTZ instaladas a gran altura.<\/p>\n","protected":false},"author":1,"featured_media":0,"parent":0,"menu_order":0,"comment_status":"closed","ping_status":"closed","template":"","meta":{"footnotes":""},"class_list":["post-198","page","type-page","status-publish","hentry"],"yoast_head":"<!-- This site is optimized with the Yoast SEO plugin v24.9 - https:\/\/yoast.com\/wordpress\/plugins\/seo\/ -->\n<title>Mantenimiento e Instalaciones - TELECOM<\/title>\n<meta name=\"robots\" content=\"index, follow, max-snippet:-1, max-image-preview:large, max-video-preview:-1\" \/>\n<link rel=\"canonical\" href=\"https:\/\/fctelecom.cl\/index.php\/mantenimiento-e-instalaciones\/\" \/>\n<meta property=\"og:locale\" content=\"es_ES\" \/>\n<meta property=\"og:type\" content=\"article\" \/>\n<meta property=\"og:title\" content=\"Mantenimiento e Instalaciones - TELECOM\" \/>\n<meta property=\"og:description\" content=\"En Petricio Industrial realizamos servicio de mantenimiento preventivo a su Sistema de V\u00eddeo Vigilancia, este consta de 27 c\u00e1maras entre ellas interiores, exteriores y c\u00e1maras PTZ instaladas a gran altura.\" \/>\n<meta property=\"og:url\" content=\"https:\/\/fctelecom.cl\/index.php\/mantenimiento-e-instalaciones\/\" \/>\n<meta property=\"og:site_name\" content=\"TELECOM\" \/>\n<meta property=\"article:modified_time\" content=\"2019-04-12T02:42:05+00:00\" \/>\n<meta property=\"og:image\" content=\"https:\/\/fctelecom.cl\/wp-content\/uploads\/2019\/04\/IMG_0784-1024x683.jpg\" \/>\n\t<meta property=\"og:image:width\" content=\"1024\" \/>\n\t<meta property=\"og:image:height\" content=\"683\" \/>\n\t<meta property=\"og:image:type\" content=\"image\/jpeg\" \/>\n<meta name=\"twitter:card\" content=\"summary_large_image\" \/>\n<script type=\"application\/ld+json\" class=\"yoast-schema-graph\">{\"@context\":\"https:\/\/schema.org\",\"@graph\":[{\"@type\":\"WebPage\",\"@id\":\"https:\/\/fctelecom.cl\/index.php\/mantenimiento-e-instalaciones\/\",\"url\":\"https:\/\/fctelecom.cl\/index.php\/mantenimiento-e-instalaciones\/\",\"name\":\"Mantenimiento e Instalaciones - TELECOM\",\"isPartOf\":{\"@id\":\"https:\/\/fctelecom.cl\/#website\"},\"primaryImageOfPage\":{\"@id\":\"https:\/\/fctelecom.cl\/index.php\/mantenimiento-e-instalaciones\/#primaryimage\"},\"image\":{\"@id\":\"https:\/\/fctelecom.cl\/index.php\/mantenimiento-e-instalaciones\/#primaryimage\"},\"thumbnailUrl\":\"http:\/\/fctelecom.cl\/wp-content\/uploads\/2019\/04\/IMG_0784-1024x683.jpg\",\"datePublished\":\"2019-04-12T02:42:04+00:00\",\"dateModified\":\"2019-04-12T02:42:05+00:00\",\"breadcrumb\":{\"@id\":\"https:\/\/fctelecom.cl\/index.php\/mantenimiento-e-instalaciones\/#breadcrumb\"},\"inLanguage\":\"es-CL\",\"potentialAction\":[{\"@type\":\"ReadAction\",\"target\":[\"https:\/\/fctelecom.cl\/index.php\/mantenimiento-e-instalaciones\/\"]}]},{\"@type\":\"ImageObject\",\"inLanguage\":\"es-CL\",\"@id\":\"https:\/\/fctelecom.cl\/index.php\/mantenimiento-e-instalaciones\/#primaryimage\",\"url\":\"http:\/\/fctelecom.cl\/wp-content\/uploads\/2019\/04\/IMG_0784-1024x683.jpg\",\"contentUrl\":\"http:\/\/fctelecom.cl\/wp-content\/uploads\/2019\/04\/IMG_0784-1024x683.jpg\"},{\"@type\":\"BreadcrumbList\",\"@id\":\"https:\/\/fctelecom.cl\/index.php\/mantenimiento-e-instalaciones\/#breadcrumb\",\"itemListElement\":[{\"@type\":\"ListItem\",\"position\":1,\"name\":\"Portada\",\"item\":\"https:\/\/fctelecom.cl\/\"},{\"@type\":\"ListItem\",\"position\":2,\"name\":\"Mantenimiento e Instalaciones\"}]},{\"@type\":\"WebSite\",\"@id\":\"https:\/\/fctelecom.cl\/#website\",\"url\":\"https:\/\/fctelecom.cl\/\",\"name\":\"TELECOM\",\"description\":\"Soluciones y Servicios\",\"publisher\":{\"@id\":\"https:\/\/fctelecom.cl\/#organization\"},\"potentialAction\":[{\"@type\":\"SearchAction\",\"target\":{\"@type\":\"EntryPoint\",\"urlTemplate\":\"https:\/\/fctelecom.cl\/?s={search_term_string}\"},\"query-input\":{\"@type\":\"PropertyValueSpecification\",\"valueRequired\":true,\"valueName\":\"search_term_string\"}}],\"inLanguage\":\"es-CL\"},{\"@type\":\"Organization\",\"@id\":\"https:\/\/fctelecom.cl\/#organization\",\"name\":\"FC TELECOM\",\"url\":\"https:\/\/fctelecom.cl\/\",\"logo\":{\"@type\":\"ImageObject\",\"inLanguage\":\"es-CL\",\"@id\":\"https:\/\/fctelecom.cl\/#\/schema\/logo\/image\/\",\"url\":\"https:\/\/fctelecom.cl\/wp-content\/uploads\/2019\/04\/cropped-LOGO-FC-GRIS-250X250.jpg\",\"contentUrl\":\"https:\/\/fctelecom.cl\/wp-content\/uploads\/2019\/04\/cropped-LOGO-FC-GRIS-250X250.jpg\",\"width\":298,\"height\":250,\"caption\":\"FC TELECOM\"},\"image\":{\"@id\":\"https:\/\/fctelecom.cl\/#\/schema\/logo\/image\/\"}}]}<\/script>\n<!-- \/ Yoast SEO plugin. -->","yoast_head_json":{"title":"Mantenimiento e Instalaciones - TELECOM","robots":{"index":"index","follow":"follow","max-snippet":"max-snippet:-1","max-image-preview":"max-image-preview:large","max-video-preview":"max-video-preview:-1"},"canonical":"https:\/\/fctelecom.cl\/index.php\/mantenimiento-e-instalaciones\/","og_locale":"es_ES","og_type":"article","og_title":"Mantenimiento e Instalaciones - TELECOM","og_description":"En Petricio Industrial realizamos servicio de mantenimiento preventivo a su Sistema de V\u00eddeo Vigilancia, este consta de 27 c\u00e1maras entre ellas interiores, exteriores y c\u00e1maras PTZ instaladas a gran altura.","og_url":"https:\/\/fctelecom.cl\/index.php\/mantenimiento-e-instalaciones\/","og_site_name":"TELECOM","article_modified_time":"2019-04-12T02:42:05+00:00","og_image":[{"width":1024,"height":683,"url":"https:\/\/fctelecom.cl\/wp-content\/uploads\/2019\/04\/IMG_0784-1024x683.jpg","type":"image\/jpeg"}],"twitter_card":"summary_large_image","schema":{"@context":"https:\/\/schema.org","@graph":[{"@type":"WebPage","@id":"https:\/\/fctelecom.cl\/index.php\/mantenimiento-e-instalaciones\/","url":"https:\/\/fctelecom.cl\/index.php\/mantenimiento-e-instalaciones\/","name":"Mantenimiento e Instalaciones - TELECOM","isPartOf":{"@id":"https:\/\/fctelecom.cl\/#website"},"primaryImageOfPage":{"@id":"https:\/\/fctelecom.cl\/index.php\/mantenimiento-e-instalaciones\/#primaryimage"},"image":{"@id":"https:\/\/fctelecom.cl\/index.php\/mantenimiento-e-instalaciones\/#primaryimage"},"thumbnailUrl":"http:\/\/fctelecom.cl\/wp-content\/uploads\/2019\/04\/IMG_0784-1024x683.jpg","datePublished":"2019-04-12T02:42:04+00:00","dateModified":"2019-04-12T02:42:05+00:00","breadcrumb":{"@id":"https:\/\/fctelecom.cl\/index.php\/mantenimiento-e-instalaciones\/#breadcrumb"},"inLanguage":"es-CL","potentialAction":[{"@type":"ReadAction","target":["https:\/\/fctelecom.cl\/index.php\/mantenimiento-e-instalaciones\/"]}]},{"@type":"ImageObject","inLanguage":"es-CL","@id":"https:\/\/fctelecom.cl\/index.php\/mantenimiento-e-instalaciones\/#primaryimage","url":"http:\/\/fctelecom.cl\/wp-content\/uploads\/2019\/04\/IMG_0784-1024x683.jpg","contentUrl":"http:\/\/fctelecom.cl\/wp-content\/uploads\/2019\/04\/IMG_0784-1024x683.jpg"},{"@type":"BreadcrumbList","@id":"https:\/\/fctelecom.cl\/index.php\/mantenimiento-e-instalaciones\/#breadcrumb","itemListElement":[{"@type":"ListItem","position":1,"name":"Portada","item":"https:\/\/fctelecom.cl\/"},{"@type":"ListItem","position":2,"name":"Mantenimiento e Instalaciones"}]},{"@type":"WebSite","@id":"https:\/\/fctelecom.cl\/#website","url":"https:\/\/fctelecom.cl\/","name":"TELECOM","description":"Soluciones y Servicios","publisher":{"@id":"https:\/\/fctelecom.cl\/#organization"},"potentialAction":[{"@type":"SearchAction","target":{"@type":"EntryPoint","urlTemplate":"https:\/\/fctelecom.cl\/?s={search_term_string}"},"query-input":{"@type":"PropertyValueSpecification","valueRequired":true,"valueName":"search_term_string"}}],"inLanguage":"es-CL"},{"@type":"Organization","@id":"https:\/\/fctelecom.cl\/#organization","name":"FC TELECOM","url":"https:\/\/fctelecom.cl\/","logo":{"@type":"ImageObject","inLanguage":"es-CL","@id":"https:\/\/fctelecom.cl\/#\/schema\/logo\/image\/","url":"https:\/\/fctelecom.cl\/wp-content\/uploads\/2019\/04\/cropped-LOGO-FC-GRIS-250X250.jpg","contentUrl":"https:\/\/fctelecom.cl\/wp-content\/uploads\/2019\/04\/cropped-LOGO-FC-GRIS-250X250.jpg","width":298,"height":250,"caption":"FC TELECOM"},"image":{"@id":"https:\/\/fctelecom.cl\/#\/schema\/logo\/image\/"}}]}},"_links":{"self":[{"href":"https:\/\/fctelecom.cl\/index.php\/wp-json\/wp\/v2\/pages\/198","targetHints":{"allow":["GET"]}}],"collection":[{"href":"https:\/\/fctelecom.cl\/index.php\/wp-json\/wp\/v2\/pages"}],"about":[{"href":"https:\/\/fctelecom.cl\/index.php\/wp-json\/wp\/v2\/types\/page"}],"author":[{"embeddable":true,"href":"https:\/\/fctelecom.cl\/index.php\/wp-json\/wp\/v2\/users\/1"}],"replies":[{"embeddable":true,"href":"https:\/\/fctelecom.cl\/index.php\/wp-json\/wp\/v2\/comments?post=198"}],"version-history":[{"count":1,"href":"https:\/\/fctelecom.cl\/index.php\/wp-json\/wp\/v2\/pages\/198\/revisions"}],"predecessor-version":[{"id":208,"href":"https:\/\/fctelecom.cl\/index.php\/wp-json\/wp\/v2\/pages\/198\/revisions\/208"}],"wp:attachment":[{"href":"https:\/\/fctelecom.cl\/index.php\/wp-json\/wp\/v2\/media?parent=198"}],"curies":[{"name":"wp","href":"https:\/\/api.w.org\/{rel}","templated":true}]}}