{"id":182,"date":"2019-04-09T13:10:48","date_gmt":"2019-04-09T16:10:48","guid":{"rendered":"http:\/\/fctelecom.cl\/?page_id=182"},"modified":"2019-04-09T13:11:40","modified_gmt":"2019-04-09T16:11:40","slug":"camaras-de-seguridad-cctv","status":"publish","type":"page","link":"https:\/\/fctelecom.cl\/index.php\/servicios\/camaras-de-seguridad-cctv\/","title":{"rendered":"Camaras de Seguridad CCTV"},"content":{"rendered":"\n<p>En FC Telecom damos m\u00e1s que un servicio de C\u00e1maras de Seguridad, si no que lo llamamos \u201cPunto de Vigilancia\u201d en el tenemos una amplia gama de calidad y precios seg\u00fan sus requerimientos a cubrir. Contamos con tecnolog\u00edas de vanguardia como son C\u00e1maras IP, IP POE, Digitales, Anal\u00f3gicas con la mejor calidad y resoluci\u00f3n 2592&#215;1520 4MP, 1920&#215;1080 FULL HD 1080P 3MP, 1920&#215;1080 FULL HD 1080P 2MP 1280&#215;720 1.3MP. <\/p>\n\n\n\n<p>Damos prioridad a marcas m\u00e1s reconocidas y confiamos en su correcto funcionamiento en donde sean instaladas.<\/p>\n","protected":false},"excerpt":{"rendered":"<p>En FC Telecom damos m\u00e1s que un servicio de C\u00e1maras de Seguridad, si no que lo llamamos \u201cPunto de Vigilancia\u201d en el tenemos una amplia gama de calidad y precios seg\u00fan sus requerimientos a cubrir. Contamos con tecnolog\u00edas de vanguardia como son C\u00e1maras IP, IP POE, Digitales, Anal\u00f3gicas con la mejor calidad y resoluci\u00f3n 2592&#215;1520 &hellip; <\/p>\n<p class=\"link-more\"><a href=\"https:\/\/fctelecom.cl\/index.php\/servicios\/camaras-de-seguridad-cctv\/\" class=\"more-link\">Continua leyendo<span class=\"screen-reader-text\"> &#8220;Camaras de Seguridad CCTV&#8221;<\/span><\/a><\/p>\n","protected":false},"author":1,"featured_media":0,"parent":9,"menu_order":4,"comment_status":"closed","ping_status":"closed","template":"","meta":{"footnotes":""},"class_list":["post-182","page","type-page","status-publish","hentry"],"yoast_head":"<!-- This site is optimized with the Yoast SEO plugin v24.9 - https:\/\/yoast.com\/wordpress\/plugins\/seo\/ -->\n<title>Camaras de Seguridad CCTV - TELECOM<\/title>\n<meta name=\"robots\" content=\"index, follow, max-snippet:-1, max-image-preview:large, max-video-preview:-1\" \/>\n<link rel=\"canonical\" href=\"https:\/\/fctelecom.cl\/index.php\/servicios\/camaras-de-seguridad-cctv\/\" \/>\n<meta property=\"og:locale\" content=\"es_ES\" \/>\n<meta property=\"og:type\" content=\"article\" \/>\n<meta property=\"og:title\" content=\"Camaras de Seguridad CCTV - TELECOM\" \/>\n<meta property=\"og:description\" content=\"En FC Telecom damos m\u00e1s que un servicio de C\u00e1maras de Seguridad, si no que lo llamamos \u201cPunto de Vigilancia\u201d en el tenemos una amplia gama de calidad y precios seg\u00fan sus requerimientos a cubrir. Contamos con tecnolog\u00edas de vanguardia como son C\u00e1maras IP, IP POE, Digitales, Anal\u00f3gicas con la mejor calidad y resoluci\u00f3n 2592&#215;1520 &hellip; Continua leyendo &quot;Camaras de Seguridad CCTV&quot;\" \/>\n<meta property=\"og:url\" content=\"https:\/\/fctelecom.cl\/index.php\/servicios\/camaras-de-seguridad-cctv\/\" \/>\n<meta property=\"og:site_name\" content=\"TELECOM\" \/>\n<meta property=\"article:modified_time\" content=\"2019-04-09T16:11:40+00:00\" \/>\n<meta name=\"twitter:card\" content=\"summary_large_image\" \/>\n<script type=\"application\/ld+json\" class=\"yoast-schema-graph\">{\"@context\":\"https:\/\/schema.org\",\"@graph\":[{\"@type\":\"WebPage\",\"@id\":\"https:\/\/fctelecom.cl\/index.php\/servicios\/camaras-de-seguridad-cctv\/\",\"url\":\"https:\/\/fctelecom.cl\/index.php\/servicios\/camaras-de-seguridad-cctv\/\",\"name\":\"Camaras de Seguridad CCTV - TELECOM\",\"isPartOf\":{\"@id\":\"https:\/\/fctelecom.cl\/#website\"},\"datePublished\":\"2019-04-09T16:10:48+00:00\",\"dateModified\":\"2019-04-09T16:11:40+00:00\",\"breadcrumb\":{\"@id\":\"https:\/\/fctelecom.cl\/index.php\/servicios\/camaras-de-seguridad-cctv\/#breadcrumb\"},\"inLanguage\":\"es-CL\",\"potentialAction\":[{\"@type\":\"ReadAction\",\"target\":[\"https:\/\/fctelecom.cl\/index.php\/servicios\/camaras-de-seguridad-cctv\/\"]}]},{\"@type\":\"BreadcrumbList\",\"@id\":\"https:\/\/fctelecom.cl\/index.php\/servicios\/camaras-de-seguridad-cctv\/#breadcrumb\",\"itemListElement\":[{\"@type\":\"ListItem\",\"position\":1,\"name\":\"Portada\",\"item\":\"https:\/\/fctelecom.cl\/\"},{\"@type\":\"ListItem\",\"position\":2,\"name\":\"SERVICIOS\",\"item\":\"https:\/\/fctelecom.cl\/\"},{\"@type\":\"ListItem\",\"position\":3,\"name\":\"Camaras de Seguridad CCTV\"}]},{\"@type\":\"WebSite\",\"@id\":\"https:\/\/fctelecom.cl\/#website\",\"url\":\"https:\/\/fctelecom.cl\/\",\"name\":\"TELECOM\",\"description\":\"Soluciones y Servicios\",\"publisher\":{\"@id\":\"https:\/\/fctelecom.cl\/#organization\"},\"potentialAction\":[{\"@type\":\"SearchAction\",\"target\":{\"@type\":\"EntryPoint\",\"urlTemplate\":\"https:\/\/fctelecom.cl\/?s={search_term_string}\"},\"query-input\":{\"@type\":\"PropertyValueSpecification\",\"valueRequired\":true,\"valueName\":\"search_term_string\"}}],\"inLanguage\":\"es-CL\"},{\"@type\":\"Organization\",\"@id\":\"https:\/\/fctelecom.cl\/#organization\",\"name\":\"FC TELECOM\",\"url\":\"https:\/\/fctelecom.cl\/\",\"logo\":{\"@type\":\"ImageObject\",\"inLanguage\":\"es-CL\",\"@id\":\"https:\/\/fctelecom.cl\/#\/schema\/logo\/image\/\",\"url\":\"https:\/\/fctelecom.cl\/wp-content\/uploads\/2019\/04\/cropped-LOGO-FC-GRIS-250X250.jpg\",\"contentUrl\":\"https:\/\/fctelecom.cl\/wp-content\/uploads\/2019\/04\/cropped-LOGO-FC-GRIS-250X250.jpg\",\"width\":298,\"height\":250,\"caption\":\"FC TELECOM\"},\"image\":{\"@id\":\"https:\/\/fctelecom.cl\/#\/schema\/logo\/image\/\"}}]}<\/script>\n<!-- \/ Yoast SEO plugin. -->","yoast_head_json":{"title":"Camaras de Seguridad CCTV - TELECOM","robots":{"index":"index","follow":"follow","max-snippet":"max-snippet:-1","max-image-preview":"max-image-preview:large","max-video-preview":"max-video-preview:-1"},"canonical":"https:\/\/fctelecom.cl\/index.php\/servicios\/camaras-de-seguridad-cctv\/","og_locale":"es_ES","og_type":"article","og_title":"Camaras de Seguridad CCTV - TELECOM","og_description":"En FC Telecom damos m\u00e1s que un servicio de C\u00e1maras de Seguridad, si no que lo llamamos \u201cPunto de Vigilancia\u201d en el tenemos una amplia gama de calidad y precios seg\u00fan sus requerimientos a cubrir. Contamos con tecnolog\u00edas de vanguardia como son C\u00e1maras IP, IP POE, Digitales, Anal\u00f3gicas con la mejor calidad y resoluci\u00f3n 2592&#215;1520 &hellip; Continua leyendo \"Camaras de Seguridad CCTV\"","og_url":"https:\/\/fctelecom.cl\/index.php\/servicios\/camaras-de-seguridad-cctv\/","og_site_name":"TELECOM","article_modified_time":"2019-04-09T16:11:40+00:00","twitter_card":"summary_large_image","schema":{"@context":"https:\/\/schema.org","@graph":[{"@type":"WebPage","@id":"https:\/\/fctelecom.cl\/index.php\/servicios\/camaras-de-seguridad-cctv\/","url":"https:\/\/fctelecom.cl\/index.php\/servicios\/camaras-de-seguridad-cctv\/","name":"Camaras de Seguridad CCTV - TELECOM","isPartOf":{"@id":"https:\/\/fctelecom.cl\/#website"},"datePublished":"2019-04-09T16:10:48+00:00","dateModified":"2019-04-09T16:11:40+00:00","breadcrumb":{"@id":"https:\/\/fctelecom.cl\/index.php\/servicios\/camaras-de-seguridad-cctv\/#breadcrumb"},"inLanguage":"es-CL","potentialAction":[{"@type":"ReadAction","target":["https:\/\/fctelecom.cl\/index.php\/servicios\/camaras-de-seguridad-cctv\/"]}]},{"@type":"BreadcrumbList","@id":"https:\/\/fctelecom.cl\/index.php\/servicios\/camaras-de-seguridad-cctv\/#breadcrumb","itemListElement":[{"@type":"ListItem","position":1,"name":"Portada","item":"https:\/\/fctelecom.cl\/"},{"@type":"ListItem","position":2,"name":"SERVICIOS","item":"https:\/\/fctelecom.cl\/"},{"@type":"ListItem","position":3,"name":"Camaras de Seguridad CCTV"}]},{"@type":"WebSite","@id":"https:\/\/fctelecom.cl\/#website","url":"https:\/\/fctelecom.cl\/","name":"TELECOM","description":"Soluciones y Servicios","publisher":{"@id":"https:\/\/fctelecom.cl\/#organization"},"potentialAction":[{"@type":"SearchAction","target":{"@type":"EntryPoint","urlTemplate":"https:\/\/fctelecom.cl\/?s={search_term_string}"},"query-input":{"@type":"PropertyValueSpecification","valueRequired":true,"valueName":"search_term_string"}}],"inLanguage":"es-CL"},{"@type":"Organization","@id":"https:\/\/fctelecom.cl\/#organization","name":"FC TELECOM","url":"https:\/\/fctelecom.cl\/","logo":{"@type":"ImageObject","inLanguage":"es-CL","@id":"https:\/\/fctelecom.cl\/#\/schema\/logo\/image\/","url":"https:\/\/fctelecom.cl\/wp-content\/uploads\/2019\/04\/cropped-LOGO-FC-GRIS-250X250.jpg","contentUrl":"https:\/\/fctelecom.cl\/wp-content\/uploads\/2019\/04\/cropped-LOGO-FC-GRIS-250X250.jpg","width":298,"height":250,"caption":"FC TELECOM"},"image":{"@id":"https:\/\/fctelecom.cl\/#\/schema\/logo\/image\/"}}]}},"_links":{"self":[{"href":"https:\/\/fctelecom.cl\/index.php\/wp-json\/wp\/v2\/pages\/182","targetHints":{"allow":["GET"]}}],"collection":[{"href":"https:\/\/fctelecom.cl\/index.php\/wp-json\/wp\/v2\/pages"}],"about":[{"href":"https:\/\/fctelecom.cl\/index.php\/wp-json\/wp\/v2\/types\/page"}],"author":[{"embeddable":true,"href":"https:\/\/fctelecom.cl\/index.php\/wp-json\/wp\/v2\/users\/1"}],"replies":[{"embeddable":true,"href":"https:\/\/fctelecom.cl\/index.php\/wp-json\/wp\/v2\/comments?post=182"}],"version-history":[{"count":1,"href":"https:\/\/fctelecom.cl\/index.php\/wp-json\/wp\/v2\/pages\/182\/revisions"}],"predecessor-version":[{"id":183,"href":"https:\/\/fctelecom.cl\/index.php\/wp-json\/wp\/v2\/pages\/182\/revisions\/183"}],"up":[{"embeddable":true,"href":"https:\/\/fctelecom.cl\/index.php\/wp-json\/wp\/v2\/pages\/9"}],"wp:attachment":[{"href":"https:\/\/fctelecom.cl\/index.php\/wp-json\/wp\/v2\/media?parent=182"}],"curies":[{"name":"wp","href":"https:\/\/api.w.org\/{rel}","templated":true}]}}