{"id":11,"date":"2019-04-05T16:55:50","date_gmt":"2019-04-05T16:55:50","guid":{"rendered":"http:\/\/fctelecom.cl\/?page_id=11"},"modified":"2019-04-12T00:14:19","modified_gmt":"2019-04-12T03:14:19","slug":"proyectos","status":"publish","type":"page","link":"https:\/\/fctelecom.cl\/index.php\/proyectos\/","title":{"rendered":"Proyectos"},"content":{"rendered":"\n<p>FC Telecom es un aliado positivo para nuestros clientes que conf\u00edan su\npropuesta de proyecto en nosotros, contamos con la m\u00e1xima &nbsp;seriedad, compromiso y acompa\u00f1ado de nuestro\nprofesionalismo logramos cumplir todas las metas propuestas y desarrollarlos\nsin mayores dificultades ante el cliente final.<\/p>\n","protected":false},"excerpt":{"rendered":"<p>FC Telecom es un aliado positivo para nuestros clientes que conf\u00edan su propuesta de proyecto en nosotros, contamos con la m\u00e1xima &nbsp;seriedad, compromiso y acompa\u00f1ado de nuestro profesionalismo logramos cumplir todas las metas propuestas y desarrollarlos sin mayores dificultades ante el cliente final.<\/p>\n","protected":false},"author":1,"featured_media":0,"parent":0,"menu_order":0,"comment_status":"closed","ping_status":"closed","template":"","meta":{"footnotes":""},"class_list":["post-11","page","type-page","status-publish","hentry"],"yoast_head":"<!-- This site is optimized with the Yoast SEO plugin v24.9 - https:\/\/yoast.com\/wordpress\/plugins\/seo\/ -->\n<title>Proyectos - TELECOM<\/title>\n<meta name=\"robots\" content=\"index, follow, max-snippet:-1, max-image-preview:large, max-video-preview:-1\" \/>\n<link rel=\"canonical\" href=\"https:\/\/fctelecom.cl\/index.php\/proyectos\/\" \/>\n<meta property=\"og:locale\" content=\"es_ES\" \/>\n<meta property=\"og:type\" content=\"article\" \/>\n<meta property=\"og:title\" content=\"Proyectos - TELECOM\" \/>\n<meta property=\"og:description\" content=\"FC Telecom es un aliado positivo para nuestros clientes que conf\u00edan su propuesta de proyecto en nosotros, contamos con la m\u00e1xima &nbsp;seriedad, compromiso y acompa\u00f1ado de nuestro profesionalismo logramos cumplir todas las metas propuestas y desarrollarlos sin mayores dificultades ante el cliente final.\" \/>\n<meta property=\"og:url\" content=\"https:\/\/fctelecom.cl\/index.php\/proyectos\/\" \/>\n<meta property=\"og:site_name\" content=\"TELECOM\" \/>\n<meta property=\"article:modified_time\" content=\"2019-04-12T03:14:19+00:00\" \/>\n<meta name=\"twitter:card\" content=\"summary_large_image\" \/>\n<script type=\"application\/ld+json\" class=\"yoast-schema-graph\">{\"@context\":\"https:\/\/schema.org\",\"@graph\":[{\"@type\":\"WebPage\",\"@id\":\"https:\/\/fctelecom.cl\/index.php\/proyectos\/\",\"url\":\"https:\/\/fctelecom.cl\/index.php\/proyectos\/\",\"name\":\"Proyectos - TELECOM\",\"isPartOf\":{\"@id\":\"https:\/\/fctelecom.cl\/#website\"},\"datePublished\":\"2019-04-05T16:55:50+00:00\",\"dateModified\":\"2019-04-12T03:14:19+00:00\",\"breadcrumb\":{\"@id\":\"https:\/\/fctelecom.cl\/index.php\/proyectos\/#breadcrumb\"},\"inLanguage\":\"es-CL\",\"potentialAction\":[{\"@type\":\"ReadAction\",\"target\":[\"https:\/\/fctelecom.cl\/index.php\/proyectos\/\"]}]},{\"@type\":\"BreadcrumbList\",\"@id\":\"https:\/\/fctelecom.cl\/index.php\/proyectos\/#breadcrumb\",\"itemListElement\":[{\"@type\":\"ListItem\",\"position\":1,\"name\":\"Portada\",\"item\":\"https:\/\/fctelecom.cl\/\"},{\"@type\":\"ListItem\",\"position\":2,\"name\":\"Proyectos\"}]},{\"@type\":\"WebSite\",\"@id\":\"https:\/\/fctelecom.cl\/#website\",\"url\":\"https:\/\/fctelecom.cl\/\",\"name\":\"TELECOM\",\"description\":\"Soluciones y Servicios\",\"publisher\":{\"@id\":\"https:\/\/fctelecom.cl\/#organization\"},\"potentialAction\":[{\"@type\":\"SearchAction\",\"target\":{\"@type\":\"EntryPoint\",\"urlTemplate\":\"https:\/\/fctelecom.cl\/?s={search_term_string}\"},\"query-input\":{\"@type\":\"PropertyValueSpecification\",\"valueRequired\":true,\"valueName\":\"search_term_string\"}}],\"inLanguage\":\"es-CL\"},{\"@type\":\"Organization\",\"@id\":\"https:\/\/fctelecom.cl\/#organization\",\"name\":\"FC TELECOM\",\"url\":\"https:\/\/fctelecom.cl\/\",\"logo\":{\"@type\":\"ImageObject\",\"inLanguage\":\"es-CL\",\"@id\":\"https:\/\/fctelecom.cl\/#\/schema\/logo\/image\/\",\"url\":\"https:\/\/fctelecom.cl\/wp-content\/uploads\/2019\/04\/cropped-LOGO-FC-GRIS-250X250.jpg\",\"contentUrl\":\"https:\/\/fctelecom.cl\/wp-content\/uploads\/2019\/04\/cropped-LOGO-FC-GRIS-250X250.jpg\",\"width\":298,\"height\":250,\"caption\":\"FC TELECOM\"},\"image\":{\"@id\":\"https:\/\/fctelecom.cl\/#\/schema\/logo\/image\/\"}}]}<\/script>\n<!-- \/ Yoast SEO plugin. -->","yoast_head_json":{"title":"Proyectos - TELECOM","robots":{"index":"index","follow":"follow","max-snippet":"max-snippet:-1","max-image-preview":"max-image-preview:large","max-video-preview":"max-video-preview:-1"},"canonical":"https:\/\/fctelecom.cl\/index.php\/proyectos\/","og_locale":"es_ES","og_type":"article","og_title":"Proyectos - TELECOM","og_description":"FC Telecom es un aliado positivo para nuestros clientes que conf\u00edan su propuesta de proyecto en nosotros, contamos con la m\u00e1xima &nbsp;seriedad, compromiso y acompa\u00f1ado de nuestro profesionalismo logramos cumplir todas las metas propuestas y desarrollarlos sin mayores dificultades ante el cliente final.","og_url":"https:\/\/fctelecom.cl\/index.php\/proyectos\/","og_site_name":"TELECOM","article_modified_time":"2019-04-12T03:14:19+00:00","twitter_card":"summary_large_image","schema":{"@context":"https:\/\/schema.org","@graph":[{"@type":"WebPage","@id":"https:\/\/fctelecom.cl\/index.php\/proyectos\/","url":"https:\/\/fctelecom.cl\/index.php\/proyectos\/","name":"Proyectos - TELECOM","isPartOf":{"@id":"https:\/\/fctelecom.cl\/#website"},"datePublished":"2019-04-05T16:55:50+00:00","dateModified":"2019-04-12T03:14:19+00:00","breadcrumb":{"@id":"https:\/\/fctelecom.cl\/index.php\/proyectos\/#breadcrumb"},"inLanguage":"es-CL","potentialAction":[{"@type":"ReadAction","target":["https:\/\/fctelecom.cl\/index.php\/proyectos\/"]}]},{"@type":"BreadcrumbList","@id":"https:\/\/fctelecom.cl\/index.php\/proyectos\/#breadcrumb","itemListElement":[{"@type":"ListItem","position":1,"name":"Portada","item":"https:\/\/fctelecom.cl\/"},{"@type":"ListItem","position":2,"name":"Proyectos"}]},{"@type":"WebSite","@id":"https:\/\/fctelecom.cl\/#website","url":"https:\/\/fctelecom.cl\/","name":"TELECOM","description":"Soluciones y Servicios","publisher":{"@id":"https:\/\/fctelecom.cl\/#organization"},"potentialAction":[{"@type":"SearchAction","target":{"@type":"EntryPoint","urlTemplate":"https:\/\/fctelecom.cl\/?s={search_term_string}"},"query-input":{"@type":"PropertyValueSpecification","valueRequired":true,"valueName":"search_term_string"}}],"inLanguage":"es-CL"},{"@type":"Organization","@id":"https:\/\/fctelecom.cl\/#organization","name":"FC TELECOM","url":"https:\/\/fctelecom.cl\/","logo":{"@type":"ImageObject","inLanguage":"es-CL","@id":"https:\/\/fctelecom.cl\/#\/schema\/logo\/image\/","url":"https:\/\/fctelecom.cl\/wp-content\/uploads\/2019\/04\/cropped-LOGO-FC-GRIS-250X250.jpg","contentUrl":"https:\/\/fctelecom.cl\/wp-content\/uploads\/2019\/04\/cropped-LOGO-FC-GRIS-250X250.jpg","width":298,"height":250,"caption":"FC TELECOM"},"image":{"@id":"https:\/\/fctelecom.cl\/#\/schema\/logo\/image\/"}}]}},"_links":{"self":[{"href":"https:\/\/fctelecom.cl\/index.php\/wp-json\/wp\/v2\/pages\/11","targetHints":{"allow":["GET"]}}],"collection":[{"href":"https:\/\/fctelecom.cl\/index.php\/wp-json\/wp\/v2\/pages"}],"about":[{"href":"https:\/\/fctelecom.cl\/index.php\/wp-json\/wp\/v2\/types\/page"}],"author":[{"embeddable":true,"href":"https:\/\/fctelecom.cl\/index.php\/wp-json\/wp\/v2\/users\/1"}],"replies":[{"embeddable":true,"href":"https:\/\/fctelecom.cl\/index.php\/wp-json\/wp\/v2\/comments?post=11"}],"version-history":[{"count":4,"href":"https:\/\/fctelecom.cl\/index.php\/wp-json\/wp\/v2\/pages\/11\/revisions"}],"predecessor-version":[{"id":222,"href":"https:\/\/fctelecom.cl\/index.php\/wp-json\/wp\/v2\/pages\/11\/revisions\/222"}],"wp:attachment":[{"href":"https:\/\/fctelecom.cl\/index.php\/wp-json\/wp\/v2\/media?parent=11"}],"curies":[{"name":"wp","href":"https:\/\/api.w.org\/{rel}","templated":true}]}}